{"id":821,"date":"2022-03-08T09:08:02","date_gmt":"2022-03-08T09:08:02","guid":{"rendered":"https:\/\/www.wildatlanticnature.ie\/reimsi-tionscadal\/"},"modified":"2022-04-01T08:57:50","modified_gmt":"2022-04-01T07:57:50","slug":"reimsi-tionscadal","status":"publish","type":"page","link":"https:\/\/www.wildatlanticnature.ie\/ga\/reimsi-tionscadal\/","title":{"rendered":"R\u00e9ims\u00ed Tionscadal"},"content":{"rendered":"\n<div class=\"wp-block-cover alignfull cover-title\" style=\"min-height:275px;aspect-ratio:unset;\"><span aria-hidden=\"true\" class=\"has-background-dim-0 wp-block-cover__gradient-background has-background-dim\"><\/span><img loading=\"lazy\" decoding=\"async\" width=\"1905\" height=\"275\" class=\"wp-block-cover__image-background wp-image-262\" alt=\"\" src=\"https:\/\/www.wildatlanticnature.ie\/wp-content\/uploads\/2022\/03\/03611e_cd8b1b2577e1438096d1399d0de5d828_mv2.png\" data-object-fit=\"cover\" srcset=\"https:\/\/www.wildatlanticnature.ie\/wp-content\/uploads\/2022\/03\/03611e_cd8b1b2577e1438096d1399d0de5d828_mv2.png 1905w, https:\/\/www.wildatlanticnature.ie\/wp-content\/uploads\/2022\/03\/03611e_cd8b1b2577e1438096d1399d0de5d828_mv2-300x43.png 300w, https:\/\/www.wildatlanticnature.ie\/wp-content\/uploads\/2022\/03\/03611e_cd8b1b2577e1438096d1399d0de5d828_mv2-1024x148.png 1024w, https:\/\/www.wildatlanticnature.ie\/wp-content\/uploads\/2022\/03\/03611e_cd8b1b2577e1438096d1399d0de5d828_mv2-768x111.png 768w, https:\/\/www.wildatlanticnature.ie\/wp-content\/uploads\/2022\/03\/03611e_cd8b1b2577e1438096d1399d0de5d828_mv2-1536x222.png 1536w\" sizes=\"auto, (max-width: 1905px) 100vw, 1905px\" \/><div class=\"wp-block-cover__inner-container is-layout-flow wp-block-cover-is-layout-flow\">\n<div class=\"wp-block-columns is-layout-flex wp-container-core-columns-is-layout-28f84493 wp-block-columns-is-layout-flex\">\n<div class=\"wp-block-column is-layout-flow wp-block-column-is-layout-flow\">\n<h1 class=\"ticss-765b047f has-text-color wp-block-heading\">R\u00e9ims\u00ed Tionscadal<\/h1>\n<\/div>\n<\/div>\n<\/div><\/div>\n\n<div style=\"height:38px\" aria-hidden=\"true\" class=\"wp-block-spacer\"><\/div>\n\n<ul class=\"wp-block-list\"><li><a href=\"https:\/\/www.wildatlanticnature.ie\/ga\/limisteir-tionscadal-dun-na-ngall\/\" data-type=\"page\">D\u00fan na nGall<\/a><br\/><\/li><li><a href=\"https:\/\/www.wildatlanticnature.ie\/ga\/reimsi-tionscadal-gaillimh\/\" data-type=\"page\">Gaillimh<\/a><br\/><\/li><li><a href=\"https:\/\/www.wildatlanticnature.ie\/ga\/reimsi-tionscadal-maigh-eo\/\">Maigh Eo<\/a><br\/><\/li><li><a href=\"https:\/\/www.wildatlanticnature.ie\/ga\/reimsi-tionscadal-sligeach\/\">Sligeach<\/a><br\/><\/li><li><a href=\"https:\/\/www.wildatlanticnature.ie\/ga\/reimsi-tionscadal-liatroim-an-cabhan\/\" data-type=\"URL\" data-id=\"\/project-areas-leitrim-cavan\/\">Liatroim \/ An Cabh\u00e1n<\/a><\/li><\/ul>\n\n<div style=\"height:38px\" aria-hidden=\"true\" class=\"wp-block-spacer\"><\/div>\n\n<p><\/p>\n","protected":false},"excerpt":{"rendered":"<p>D\u00fan na nGall Gaillimh Maigh Eo Sligeach Liatroim \/ An Cabh\u00e1n<\/p>\n","protected":false},"author":1,"featured_media":0,"parent":0,"menu_order":0,"comment_status":"closed","ping_status":"closed","template":"","meta":{"_uag_custom_page_level_css":"","site-sidebar-layout":"no-sidebar","site-content-layout":"plain-container","ast-site-content-layout":"default","site-content-style":"default","site-sidebar-style":"default","ast-global-header-display":"","ast-banner-title-visibility":"","ast-main-header-display":"","ast-hfb-above-header-display":"","ast-hfb-below-header-display":"","ast-hfb-mobile-header-display":"","site-post-title":"disabled","ast-breadcrumbs-content":"","ast-featured-img":"","footer-sml-layout":"","ast-disable-related-posts":"","theme-transparent-header-meta":"","adv-header-id-meta":"","stick-header-meta":"","header-above-stick-meta":"","header-main-stick-meta":"","header-below-stick-meta":"","astra-migrate-meta-layouts":"default","ast-page-background-enabled":"default","ast-page-background-meta":{"desktop":{"background-color":"var(--ast-global-color-4)","background-image":"","background-repeat":"repeat","background-position":"center center","background-size":"auto","background-attachment":"scroll","background-type":"","background-media":"","overlay-type":"","overlay-color":"","overlay-opacity":"","overlay-gradient":""},"tablet":{"background-color":"","background-image":"","background-repeat":"repeat","background-position":"center center","background-size":"auto","background-attachment":"scroll","background-type":"","background-media":"","overlay-type":"","overlay-color":"","overlay-opacity":"","overlay-gradient":""},"mobile":{"background-color":"","background-image":"","background-repeat":"repeat","background-position":"center center","background-size":"auto","background-attachment":"scroll","background-type":"","background-media":"","overlay-type":"","overlay-color":"","overlay-opacity":"","overlay-gradient":""}},"ast-content-background-meta":{"desktop":{"background-color":"var(--ast-global-color-5)","background-image":"","background-repeat":"repeat","background-position":"center center","background-size":"auto","background-attachment":"scroll","background-type":"","background-media":"","overlay-type":"","overlay-color":"","overlay-opacity":"","overlay-gradient":""},"tablet":{"background-color":"var(--ast-global-color-5)","background-image":"","background-repeat":"repeat","background-position":"center center","background-size":"auto","background-attachment":"scroll","background-type":"","background-media":"","overlay-type":"","overlay-color":"","overlay-opacity":"","overlay-gradient":""},"mobile":{"background-color":"var(--ast-global-color-5)","background-image":"","background-repeat":"repeat","background-position":"center center","background-size":"auto","background-attachment":"scroll","background-type":"","background-media":"","overlay-type":"","overlay-color":"","overlay-opacity":"","overlay-gradient":""}},"footnotes":""},"class_list":["post-821","page","type-page","status-publish","hentry"],"yoast_head":"<!-- This site is optimized with the Yoast SEO plugin v27.3 - https:\/\/yoast.com\/product\/yoast-seo-wordpress\/ -->\n<title>R\u00e9ims\u00ed Tionscadal - Wild Atlantic Nature<\/title>\n<meta name=\"robots\" content=\"index, follow, max-snippet:-1, max-image-preview:large, max-video-preview:-1\" \/>\n<link rel=\"canonical\" href=\"https:\/\/www.wildatlanticnature.ie\/ga\/reimsi-tionscadal\/\" \/>\n<meta property=\"og:locale\" content=\"ga_IE\" \/>\n<meta property=\"og:type\" content=\"article\" \/>\n<meta property=\"og:title\" content=\"R\u00e9ims\u00ed Tionscadal - Wild Atlantic Nature\" \/>\n<meta property=\"og:description\" content=\"D\u00fan na nGall Gaillimh Maigh Eo Sligeach Liatroim \/ An Cabh\u00e1n\" \/>\n<meta property=\"og:url\" content=\"https:\/\/www.wildatlanticnature.ie\/ga\/reimsi-tionscadal\/\" \/>\n<meta property=\"og:site_name\" content=\"Wild Atlantic Nature\" \/>\n<meta property=\"article:publisher\" content=\"https:\/\/www.facebook.com\/WildAtlanticNature\/\" \/>\n<meta property=\"article:modified_time\" content=\"2022-04-01T07:57:50+00:00\" \/>\n<meta property=\"og:image\" content=\"https:\/\/www.wildatlanticnature.ie\/wp-content\/uploads\/2022\/03\/03611e_cd8b1b2577e1438096d1399d0de5d828_mv2.png\" \/>\n<meta name=\"twitter:card\" content=\"summary_large_image\" \/>\n<meta name=\"twitter:site\" content=\"@WAN_LIFEIP\" \/>\n<script type=\"application\/ld+json\" class=\"yoast-schema-graph\">{\"@context\":\"https:\\\/\\\/schema.org\",\"@graph\":[{\"@type\":\"WebPage\",\"@id\":\"https:\\\/\\\/www.wildatlanticnature.ie\\\/ga\\\/reimsi-tionscadal\\\/\",\"url\":\"https:\\\/\\\/www.wildatlanticnature.ie\\\/ga\\\/reimsi-tionscadal\\\/\",\"name\":\"R\u00e9ims\u00ed Tionscadal - Wild Atlantic Nature\",\"isPartOf\":{\"@id\":\"https:\\\/\\\/www.wildatlanticnature.ie\\\/ga\\\/#website\"},\"primaryImageOfPage\":{\"@id\":\"https:\\\/\\\/www.wildatlanticnature.ie\\\/ga\\\/reimsi-tionscadal\\\/#primaryimage\"},\"image\":{\"@id\":\"https:\\\/\\\/www.wildatlanticnature.ie\\\/ga\\\/reimsi-tionscadal\\\/#primaryimage\"},\"thumbnailUrl\":\"https:\\\/\\\/www.wildatlanticnature.ie\\\/wp-content\\\/uploads\\\/2022\\\/03\\\/03611e_cd8b1b2577e1438096d1399d0de5d828_mv2.png\",\"datePublished\":\"2022-03-08T09:08:02+00:00\",\"dateModified\":\"2022-04-01T07:57:50+00:00\",\"breadcrumb\":{\"@id\":\"https:\\\/\\\/www.wildatlanticnature.ie\\\/ga\\\/reimsi-tionscadal\\\/#breadcrumb\"},\"inLanguage\":\"ga-IE\",\"potentialAction\":[{\"@type\":\"ReadAction\",\"target\":[\"https:\\\/\\\/www.wildatlanticnature.ie\\\/ga\\\/reimsi-tionscadal\\\/\"]}]},{\"@type\":\"ImageObject\",\"inLanguage\":\"ga-IE\",\"@id\":\"https:\\\/\\\/www.wildatlanticnature.ie\\\/ga\\\/reimsi-tionscadal\\\/#primaryimage\",\"url\":\"https:\\\/\\\/www.wildatlanticnature.ie\\\/wp-content\\\/uploads\\\/2022\\\/03\\\/03611e_cd8b1b2577e1438096d1399d0de5d828_mv2.png\",\"contentUrl\":\"https:\\\/\\\/www.wildatlanticnature.ie\\\/wp-content\\\/uploads\\\/2022\\\/03\\\/03611e_cd8b1b2577e1438096d1399d0de5d828_mv2.png\"},{\"@type\":\"BreadcrumbList\",\"@id\":\"https:\\\/\\\/www.wildatlanticnature.ie\\\/ga\\\/reimsi-tionscadal\\\/#breadcrumb\",\"itemListElement\":[{\"@type\":\"ListItem\",\"position\":1,\"name\":\"Home\",\"item\":\"https:\\\/\\\/www.wildatlanticnature.ie\\\/ga\\\/\"},{\"@type\":\"ListItem\",\"position\":2,\"name\":\"R\u00e9ims\u00ed Tionscadal\"}]},{\"@type\":\"WebSite\",\"@id\":\"https:\\\/\\\/www.wildatlanticnature.ie\\\/ga\\\/#website\",\"url\":\"https:\\\/\\\/www.wildatlanticnature.ie\\\/ga\\\/\",\"name\":\"Wild Atlantic Nature\",\"description\":\"\",\"publisher\":{\"@id\":\"https:\\\/\\\/www.wildatlanticnature.ie\\\/ga\\\/#organization\"},\"potentialAction\":[{\"@type\":\"SearchAction\",\"target\":{\"@type\":\"EntryPoint\",\"urlTemplate\":\"https:\\\/\\\/www.wildatlanticnature.ie\\\/ga\\\/?s={search_term_string}\"},\"query-input\":{\"@type\":\"PropertyValueSpecification\",\"valueRequired\":true,\"valueName\":\"search_term_string\"}}],\"inLanguage\":\"ga-IE\"},{\"@type\":\"Organization\",\"@id\":\"https:\\\/\\\/www.wildatlanticnature.ie\\\/ga\\\/#organization\",\"name\":\"Department of Housing, Local Government and Heritage\",\"url\":\"https:\\\/\\\/www.wildatlanticnature.ie\\\/ga\\\/\",\"logo\":{\"@type\":\"ImageObject\",\"inLanguage\":\"ga-IE\",\"@id\":\"https:\\\/\\\/www.wildatlanticnature.ie\\\/ga\\\/#\\\/schema\\\/logo\\\/image\\\/\",\"url\":\"https:\\\/\\\/www.wildatlanticnature.ie\\\/wp-content\\\/uploads\\\/2022\\\/03\\\/WAN-Logo.png\",\"contentUrl\":\"https:\\\/\\\/www.wildatlanticnature.ie\\\/wp-content\\\/uploads\\\/2022\\\/03\\\/WAN-Logo.png\",\"width\":229,\"height\":65,\"caption\":\"Department of Housing, Local Government and Heritage\"},\"image\":{\"@id\":\"https:\\\/\\\/www.wildatlanticnature.ie\\\/ga\\\/#\\\/schema\\\/logo\\\/image\\\/\"},\"sameAs\":[\"https:\\\/\\\/www.facebook.com\\\/WildAtlanticNature\\\/\",\"https:\\\/\\\/x.com\\\/WAN_LIFEIP\",\"https:\\\/\\\/www.instagram.com\\\/wan_lifeip\\\/\",\"https:\\\/\\\/www.linkedin.com\\\/company\\\/life-ip-wild-atlantic-nature\\\/\",\"https:\\\/\\\/www.youtube.com\\\/channel\\\/UC8eBTRSlug3paX4iv5Uy1QQ\"]}]}<\/script>\n<!-- \/ Yoast SEO plugin. -->","yoast_head_json":{"title":"R\u00e9ims\u00ed Tionscadal - Wild Atlantic Nature","robots":{"index":"index","follow":"follow","max-snippet":"max-snippet:-1","max-image-preview":"max-image-preview:large","max-video-preview":"max-video-preview:-1"},"canonical":"https:\/\/www.wildatlanticnature.ie\/ga\/reimsi-tionscadal\/","og_locale":"ga_IE","og_type":"article","og_title":"R\u00e9ims\u00ed Tionscadal - Wild Atlantic Nature","og_description":"D\u00fan na nGall Gaillimh Maigh Eo Sligeach Liatroim \/ An Cabh\u00e1n","og_url":"https:\/\/www.wildatlanticnature.ie\/ga\/reimsi-tionscadal\/","og_site_name":"Wild Atlantic Nature","article_publisher":"https:\/\/www.facebook.com\/WildAtlanticNature\/","article_modified_time":"2022-04-01T07:57:50+00:00","og_image":[{"url":"https:\/\/www.wildatlanticnature.ie\/wp-content\/uploads\/2022\/03\/03611e_cd8b1b2577e1438096d1399d0de5d828_mv2.png","type":"","width":"","height":""}],"twitter_card":"summary_large_image","twitter_site":"@WAN_LIFEIP","schema":{"@context":"https:\/\/schema.org","@graph":[{"@type":"WebPage","@id":"https:\/\/www.wildatlanticnature.ie\/ga\/reimsi-tionscadal\/","url":"https:\/\/www.wildatlanticnature.ie\/ga\/reimsi-tionscadal\/","name":"R\u00e9ims\u00ed Tionscadal - Wild Atlantic Nature","isPartOf":{"@id":"https:\/\/www.wildatlanticnature.ie\/ga\/#website"},"primaryImageOfPage":{"@id":"https:\/\/www.wildatlanticnature.ie\/ga\/reimsi-tionscadal\/#primaryimage"},"image":{"@id":"https:\/\/www.wildatlanticnature.ie\/ga\/reimsi-tionscadal\/#primaryimage"},"thumbnailUrl":"https:\/\/www.wildatlanticnature.ie\/wp-content\/uploads\/2022\/03\/03611e_cd8b1b2577e1438096d1399d0de5d828_mv2.png","datePublished":"2022-03-08T09:08:02+00:00","dateModified":"2022-04-01T07:57:50+00:00","breadcrumb":{"@id":"https:\/\/www.wildatlanticnature.ie\/ga\/reimsi-tionscadal\/#breadcrumb"},"inLanguage":"ga-IE","potentialAction":[{"@type":"ReadAction","target":["https:\/\/www.wildatlanticnature.ie\/ga\/reimsi-tionscadal\/"]}]},{"@type":"ImageObject","inLanguage":"ga-IE","@id":"https:\/\/www.wildatlanticnature.ie\/ga\/reimsi-tionscadal\/#primaryimage","url":"https:\/\/www.wildatlanticnature.ie\/wp-content\/uploads\/2022\/03\/03611e_cd8b1b2577e1438096d1399d0de5d828_mv2.png","contentUrl":"https:\/\/www.wildatlanticnature.ie\/wp-content\/uploads\/2022\/03\/03611e_cd8b1b2577e1438096d1399d0de5d828_mv2.png"},{"@type":"BreadcrumbList","@id":"https:\/\/www.wildatlanticnature.ie\/ga\/reimsi-tionscadal\/#breadcrumb","itemListElement":[{"@type":"ListItem","position":1,"name":"Home","item":"https:\/\/www.wildatlanticnature.ie\/ga\/"},{"@type":"ListItem","position":2,"name":"R\u00e9ims\u00ed Tionscadal"}]},{"@type":"WebSite","@id":"https:\/\/www.wildatlanticnature.ie\/ga\/#website","url":"https:\/\/www.wildatlanticnature.ie\/ga\/","name":"Wild Atlantic Nature","description":"","publisher":{"@id":"https:\/\/www.wildatlanticnature.ie\/ga\/#organization"},"potentialAction":[{"@type":"SearchAction","target":{"@type":"EntryPoint","urlTemplate":"https:\/\/www.wildatlanticnature.ie\/ga\/?s={search_term_string}"},"query-input":{"@type":"PropertyValueSpecification","valueRequired":true,"valueName":"search_term_string"}}],"inLanguage":"ga-IE"},{"@type":"Organization","@id":"https:\/\/www.wildatlanticnature.ie\/ga\/#organization","name":"Department of Housing, Local Government and Heritage","url":"https:\/\/www.wildatlanticnature.ie\/ga\/","logo":{"@type":"ImageObject","inLanguage":"ga-IE","@id":"https:\/\/www.wildatlanticnature.ie\/ga\/#\/schema\/logo\/image\/","url":"https:\/\/www.wildatlanticnature.ie\/wp-content\/uploads\/2022\/03\/WAN-Logo.png","contentUrl":"https:\/\/www.wildatlanticnature.ie\/wp-content\/uploads\/2022\/03\/WAN-Logo.png","width":229,"height":65,"caption":"Department of Housing, Local Government and Heritage"},"image":{"@id":"https:\/\/www.wildatlanticnature.ie\/ga\/#\/schema\/logo\/image\/"},"sameAs":["https:\/\/www.facebook.com\/WildAtlanticNature\/","https:\/\/x.com\/WAN_LIFEIP","https:\/\/www.instagram.com\/wan_lifeip\/","https:\/\/www.linkedin.com\/company\/life-ip-wild-atlantic-nature\/","https:\/\/www.youtube.com\/channel\/UC8eBTRSlug3paX4iv5Uy1QQ"]}]}},"spectra_custom_meta":{"adv-header-id-meta":[""],"stick-header-meta":[""],"site-post-title":["disabled"],"site-sidebar-layout":["no-sidebar"],"site-content-layout":["plain-container"],"theme-transparent-header-meta":[""],"_top_nav_excluded":[""],"_cms_nav_minihome":[""],"_last_translation_edit_mode":["translation-editor"],"_wpml_word_count":["{\"total\":10,\"to_translate\":{\"en\":10}}"],"_wp_page_template":[""],"_cmplz_scanned_post":["1"],"_cmplz_remote_scanned_post":["1"],"_uag_css_file_name":["uag-css-821.css"],"_uag_page_assets":["a:9:{s:3:\"css\";s:8574:\".uag-blocks-common-selector{z-index:var(--z-index-desktop) !important}@media (max-width: 976px){.uag-blocks-common-selector{z-index:var(--z-index-tablet) !important}}@media (max-width: 767px){.uag-blocks-common-selector{z-index:var(--z-index-mobile) !important}}\n.wp-block-uagb-container{display:flex;position:relative;box-sizing:border-box;transition-property:box-shadow;transition-duration:0.2s;transition-timing-function:ease}.wp-block-uagb-container .spectra-container-link-overlay{bottom:0;left:0;position:absolute;right:0;top:0;z-index:10}.wp-block-uagb-container.uagb-is-root-container{margin-left:auto;margin-right:auto}.wp-block-uagb-container.alignfull.uagb-is-root-container .uagb-container-inner-blocks-wrap{display:flex;position:relative;box-sizing:border-box;margin-left:auto !important;margin-right:auto !important}.wp-block-uagb-container .wp-block-uagb-blockquote,.wp-block-uagb-container .wp-block-spectra-pro-login,.wp-block-uagb-container .wp-block-spectra-pro-register{margin:unset}.wp-block-uagb-container .uagb-container__video-wrap{height:100%;width:100%;top:0;left:0;position:absolute;overflow:hidden;-webkit-transition:opacity 1s;-o-transition:opacity 1s;transition:opacity 1s}.wp-block-uagb-container .uagb-container__video-wrap video{max-width:100%;width:100%;height:100%;margin:0;line-height:1;border:none;display:inline-block;vertical-align:baseline;-o-object-fit:cover;object-fit:cover;background-size:cover}.wp-block-uagb-container.uagb-layout-grid{display:grid;width:100%}.wp-block-uagb-container.uagb-layout-grid>.uagb-container-inner-blocks-wrap{display:inherit;width:inherit}.wp-block-uagb-container.uagb-layout-grid>.uagb-container-inner-blocks-wrap>.wp-block-uagb-container{max-width:unset !important;width:unset !important}.wp-block-uagb-container.uagb-layout-grid>.wp-block-uagb-container{max-width:unset !important;width:unset !important}.wp-block-uagb-container.uagb-layout-grid.uagb-is-root-container{margin-left:auto;margin-right:auto}.wp-block-uagb-container.uagb-layout-grid.uagb-is-root-container>.wp-block-uagb-container{max-width:unset !important;width:unset !important}.wp-block-uagb-container.uagb-layout-grid.alignwide.uagb-is-root-container{margin-left:auto;margin-right:auto}.wp-block-uagb-container.uagb-layout-grid.alignfull.uagb-is-root-container .uagb-container-inner-blocks-wrap{display:inherit;position:relative;box-sizing:border-box;margin-left:auto !important;margin-right:auto !important}body .wp-block-uagb-container>.uagb-container-inner-blocks-wrap>*:not(.wp-block-uagb-container):not(.wp-block-uagb-column):not(.wp-block-uagb-container):not(.wp-block-uagb-section):not(.uagb-container__shape):not(.uagb-container__video-wrap):not(.wp-block-spectra-pro-register):not(.wp-block-spectra-pro-login):not(.uagb-slider-container):not(.spectra-image-gallery__control-lightbox):not(.wp-block-uagb-info-box),body .wp-block-uagb-container>.uagb-container-inner-blocks-wrap,body .wp-block-uagb-container>*:not(.wp-block-uagb-container):not(.wp-block-uagb-column):not(.wp-block-uagb-container):not(.wp-block-uagb-section):not(.uagb-container__shape):not(.uagb-container__video-wrap):not(.wp-block-spectra-pro-register):not(.wp-block-spectra-pro-login):not(.uagb-slider-container):not(.spectra-container-link-overlay):not(.spectra-image-gallery__control-lightbox):not(.wp-block-uagb-lottie):not(.uagb-faq__outer-wrap){min-width:unset !important;width:100%;position:relative}body .ast-container .wp-block-uagb-container>.uagb-container-inner-blocks-wrap>.wp-block-uagb-container>ul,body .ast-container .wp-block-uagb-container>.uagb-container-inner-blocks-wrap>.wp-block-uagb-container ol,body .ast-container .wp-block-uagb-container>.uagb-container-inner-blocks-wrap>ul,body .ast-container .wp-block-uagb-container>.uagb-container-inner-blocks-wrap ol{max-width:-webkit-fill-available;margin-block-start:0;margin-block-end:0;margin-left:20px}.ast-plain-container .editor-styles-wrapper .block-editor-block-list__layout.is-root-container .uagb-is-root-container.wp-block-uagb-container.alignwide{margin-left:auto;margin-right:auto}.uagb-container__shape{overflow:hidden;position:absolute;left:0;width:100%;line-height:0;direction:ltr}.uagb-container__shape-top{top:-3px}.uagb-container__shape-bottom{bottom:-3px}.uagb-container__shape.uagb-container__invert.uagb-container__shape-bottom,.uagb-container__shape.uagb-container__invert.uagb-container__shape-top{-webkit-transform:rotate(180deg);-ms-transform:rotate(180deg);transform:rotate(180deg)}.uagb-container__shape.uagb-container__shape-flip svg{transform:translateX(-50%) rotateY(180deg)}.uagb-container__shape svg{display:block;width:-webkit-calc(100% + 1.3px);width:calc(100% + 1.3px);position:relative;left:50%;-webkit-transform:translateX(-50%);-ms-transform:translateX(-50%);transform:translateX(-50%)}.uagb-container__shape .uagb-container__shape-fill{-webkit-transform-origin:center;-ms-transform-origin:center;transform-origin:center;-webkit-transform:rotateY(0deg);transform:rotateY(0deg)}.uagb-container__shape.uagb-container__shape-above-content{z-index:9;pointer-events:none}.nv-single-page-wrap .nv-content-wrap.entry-content .wp-block-uagb-container.alignfull{margin-left:calc(50% - 50vw);margin-right:calc(50% - 50vw)}@media only screen and (max-width: 767px){.wp-block-uagb-container .wp-block-uagb-advanced-heading{width:-webkit-fill-available}}.wp-block-uagb-image--align-none{justify-content:center}\n.wp-block-uagb-container.uagb-block-044fb30c .uagb-container__shape-top svg{width: calc( 100% + 1.3px );}.wp-block-uagb-container.uagb-block-044fb30c .uagb-container__shape.uagb-container__shape-top .uagb-container__shape-fill{fill: rgba(51,51,51,1);}.wp-block-uagb-container.uagb-block-044fb30c .uagb-container__shape-bottom svg{width: calc( 100% + 1.3px );}.wp-block-uagb-container.uagb-block-044fb30c .uagb-container__shape.uagb-container__shape-bottom .uagb-container__shape-fill{fill: rgba(51,51,51,1);}.wp-block-uagb-container.uagb-block-044fb30c .uagb-container__video-wrap video{opacity: 1;}.wp-block-uagb-container.uagb-is-root-container .uagb-block-044fb30c{max-width: 100%;width: 100%;}.wp-block-uagb-container.uagb-is-root-container.alignfull.uagb-block-044fb30c > .uagb-container-inner-blocks-wrap{--inner-content-custom-width: min( 100%, 1200px);max-width: var(--inner-content-custom-width);width: 100%;flex-direction: row;align-items: center;justify-content: center;flex-wrap: nowrap;row-gap: 5px;column-gap: 5px;}.wp-block-uagb-container.uagb-block-044fb30c{box-shadow: 0px 0px   #00000070 ;padding-top: 0px;padding-bottom: 0px;padding-left: 0px;padding-right: 0px;margin-top:  !important;margin-bottom:  !important;overflow: hidden;order: initial;border-color: inherit;row-gap: 5px;column-gap: 5px;}.wp-block-uagb-container.uagb-block-044fb30c.wp-block-uagb-container > *:not( .wp-block-uagb-column ):not( .wp-block-uagb-section ):not( .uagb-container__shape ):not( .uagb-container__video-wrap ):not( .uagb-slider-container ):not( .spectra-container-link-overlay ):not(.spectra-image-gallery__control-lightbox):not(.wp-block-uagb-lottie):not(.uagb-container-inner-blocks-wrap){width: auto !important;}.wp-block-uagb-container.uagb-block-044fb30c.wp-block-uagb-container > .uagb-container-inner-blocks-wrap > *:not( .wp-block-uagb-column ):not( .wp-block-uagb-section ):not( .uagb-container__shape ):not( .uagb-container__video-wrap ):not( .uagb-slider-container ):not(.spectra-image-gallery__control-lightbox){width: auto !important;}@media only screen and (max-width: 976px) {.wp-block-uagb-container.uagb-is-root-container .uagb-block-044fb30c{width: 100%;}.wp-block-uagb-container.uagb-is-root-container.alignfull.uagb-block-044fb30c > .uagb-container-inner-blocks-wrap{--inner-content-custom-width: min( 100%, 1024px);max-width: var(--inner-content-custom-width);width: 100%;}.wp-block-uagb-container.uagb-block-044fb30c{padding-top: 0px;padding-bottom: 0px;padding-left: 0px;padding-right: 0px;margin-top:  !important;margin-bottom:  !important;order: initial;}}@media only screen and (max-width: 767px) {.wp-block-uagb-container.uagb-is-root-container .uagb-block-044fb30c{max-width: 100%;width: 100%;}.wp-block-uagb-container.uagb-is-root-container.alignfull.uagb-block-044fb30c > .uagb-container-inner-blocks-wrap{--inner-content-custom-width: min( 100%, 767px);max-width: var(--inner-content-custom-width);width: 100%;flex-wrap: wrap;}.wp-block-uagb-container.uagb-block-044fb30c{padding-top: 0px;padding-bottom: 0px;padding-left: 0px;padding-right: 0px;margin-top:  !important;margin-bottom:  !important;order: initial;}}\";s:2:\"js\";s:0:\"\";s:18:\"current_block_list\";a:15:{i:0;s:10:\"core\/cover\";i:1;s:12:\"core\/columns\";i:2;s:11:\"core\/column\";i:3;s:12:\"core\/heading\";i:4;s:11:\"core\/spacer\";i:5;s:9:\"core\/list\";i:6;s:14:\"core\/paragraph\";i:7;s:11:\"core\/search\";i:8;s:10:\"core\/group\";i:9;s:17:\"core\/latest-posts\";i:10;s:20:\"core\/latest-comments\";i:11;s:13:\"core\/archives\";i:12;s:15:\"core\/categories\";i:13;s:14:\"uagb\/container\";i:14;s:10:\"core\/image\";}s:8:\"uag_flag\";b:1;s:11:\"uag_version\";s:10:\"1775052744\";s:6:\"gfonts\";a:0:{}s:10:\"gfonts_url\";s:0:\"\";s:12:\"gfonts_files\";a:0:{}s:14:\"uag_faq_layout\";b:0;}"]},"uagb_featured_image_src":{"full":false,"thumbnail":false,"medium":false,"medium_large":false,"large":false,"1536x1536":false,"2048x2048":false},"uagb_author_info":{"display_name":"bobbyjo","author_link":"https:\/\/www.wildatlanticnature.ie\/ga\/author\/bobbyjo\/"},"uagb_comment_info":0,"uagb_excerpt":"D\u00fan na nGall Gaillimh Maigh Eo Sligeach Liatroim \/ An Cabh\u00e1n","_links":{"self":[{"href":"https:\/\/www.wildatlanticnature.ie\/ga\/wp-json\/wp\/v2\/pages\/821","targetHints":{"allow":["GET"]}}],"collection":[{"href":"https:\/\/www.wildatlanticnature.ie\/ga\/wp-json\/wp\/v2\/pages"}],"about":[{"href":"https:\/\/www.wildatlanticnature.ie\/ga\/wp-json\/wp\/v2\/types\/page"}],"author":[{"embeddable":true,"href":"https:\/\/www.wildatlanticnature.ie\/ga\/wp-json\/wp\/v2\/users\/1"}],"replies":[{"embeddable":true,"href":"https:\/\/www.wildatlanticnature.ie\/ga\/wp-json\/wp\/v2\/comments?post=821"}],"version-history":[{"count":7,"href":"https:\/\/www.wildatlanticnature.ie\/ga\/wp-json\/wp\/v2\/pages\/821\/revisions"}],"predecessor-version":[{"id":1206,"href":"https:\/\/www.wildatlanticnature.ie\/ga\/wp-json\/wp\/v2\/pages\/821\/revisions\/1206"}],"wp:attachment":[{"href":"https:\/\/www.wildatlanticnature.ie\/ga\/wp-json\/wp\/v2\/media?parent=821"}],"curies":[{"name":"wp","href":"https:\/\/api.w.org\/{rel}","templated":true}]}}